{"id":1167,"date":"2018-06-28T14:47:17","date_gmt":"2018-06-28T12:47:17","guid":{"rendered":"https:\/\/hubeeslab.com\/?page_id=1167"},"modified":"2018-06-28T14:59:24","modified_gmt":"2018-06-28T12:59:24","slug":"mentions-legales","status":"publish","type":"page","link":"https:\/\/hubeeslab.com\/index.php\/mentions-legales\/","title":{"rendered":"Mentions l\u00e9gales"},"content":{"rendered":"<div class=\"fusion-fullwidth fullwidth-box fusion-builder-row-1 nonhundred-percent-fullwidth non-hundred-percent-height-scrolling\" style=\"background-color: rgba(255,255,255,0);background-position: center center;background-repeat: no-repeat;padding-top:0px;padding-right:0px;padding-bottom:0px;padding-left:0px;margin-bottom: 0px;margin-top: 0px;border-width: 0px 0px 0px 0px;border-color:#edeef2;border-style:solid;\" ><div class=\"fusion-builder-row fusion-row\"><div class=\"fusion-layout-column fusion_builder_column fusion-builder-column-0 fusion_builder_column_1_1 1_1 fusion-one-full fusion-column-first fusion-column-last\" style=\"margin-top:0px;margin-bottom:0px;\"><div class=\"fusion-column-wrapper fusion-flex-column-wrapper-legacy\" style=\"background-position:left top;background-repeat:no-repeat;-webkit-background-size:cover;-moz-background-size:cover;-o-background-size:cover;background-size:cover;padding: 0px 0px 0px 0px;\"><p style=\"text-align:justify\"><strong>1. Pr\u00e9sentation du site :<br \/>\n\u00a0<\/strong><br \/>\nConform\u00e9ment aux dispositions des articles 6-III et 19 de la Loi n\u00b0 2004-575 du 21 juin 2004 pour la Confiance dans l'\u00e9conomie num\u00e9rique, dite L.C.E.N., nous portons \u00e0 la connaissance des utilisateurs et visiteurs du site : <a href=\"https:\/\/hubeeslab.com\/\" target=\"_blank\">hubeeslab.com<\/a> les informations suivantes :<\/p>\n\n<p style=\"text-align:justify\"><strong>Informations l\u00e9gales : <\/strong><\/p>\n\n<p style=\"text-align:justify\">Statut du propri\u00e9taire : <strong>societe<\/strong><br \/>\nPr\u00e9fixe : <strong>SAS<\/strong><br \/>\nNom de la Soci\u00e9t\u00e9 :<strong> Hubees Lab<\/strong><br \/>\nAdresse : <strong>10, rue de Penthi\u00e8vre 75008 Paris<\/strong><br \/>\nT\u00e9l\u00a0 : <strong>09 50 89 80 95<\/strong><br \/>\nAu Capital de :<strong> 30 000 \u20ac<\/strong><br \/>\nSIRET :\u00a0 <strong>80270218300012\u00a0\u00a0 <\/strong>R.C.S. :<strong> Paris<\/strong><br \/>\nNum\u00e9ro TVA intracommunautaire : <strong>FR81802702183<\/strong><br \/>\nAdresse de courrier \u00e9lectronique : <strong>contact@agencerjs.com<\/strong>\u00a0<br \/>\n\u00a0<br \/>\nLe Cr\u00e9ateur du site est : <strong>Hubees Lab<\/strong><br \/>\nLe Responsable de la\u00a0 publication est : <strong>Jean-S\u00e9bastien Gomez<\/strong><br \/>\nContactez le responsable de la publication : <strong>js@agencerjs.com<\/strong><br \/>\nLe responsable de la publication est une\u00a0<strong>personne physique<\/strong><br \/>\n<br \/>\nLe Webmaster est\u00a0 : <strong>Nicolas Langin<\/strong><br \/>\nContactez le Webmaster : <strong><a href=\"mailto:nicolas@agencerjs.com?subject=Contact \u00ef\u00bf\u00bd partir des mentions l\u00ef\u00bf\u00bdgales via le site agencerjs.com\">nicolas@agencerjs.com<\/a><\/strong><br \/>\nL\u2019hebergeur du site est : <strong>OVH 2 rue Kellermann 59100 Roubaix<\/strong><br\/>\n\n<p style=\"text-align:justify\">\u00a0<\/p>\n\n<p style=\"text-align:justify\"><strong>2. Description des services fournis :<\/strong><br \/>\n<br \/>\nLe site <a href=\"https:\/\/hubeeslab.com\/\" target=\"_blank\">hubeeslab.com<\/a> a pour objet de fournir une information concernant l\u2019ensemble des activit\u00e9s de la soci\u00e9t\u00e9.<br \/>\nLe proprietaire du site s\u2019efforce de fournir sur le site hubeeslab.com des informations aussi pr\u00e9cises que possible. Toutefois, il ne pourra \u00eatre tenue responsable des omissions, des inexactitudes et des carences dans la mise \u00e0 jour, qu\u2019elles soient de son fait ou du fait des tiers partenaires qui lui fournissent ces informations.<br \/>\nTous les informations propos\u00e9es sur le site hubeeslab.com< sont donn\u00e9es \u00e0 titre indicatif, sont non exhaustives, et sont susceptibles d\u2019\u00e9voluer. Elles sont donn\u00e9es sous r\u00e9serve de modifications ayant \u00e9t\u00e9 apport\u00e9es depuis leur mise en ligne.<br \/>\n\u00a0<\/p>\n\n<p style=\"text-align:justify\"><strong>3. Propri\u00e9t\u00e9 intellectuelle et contrefa\u00e7ons :<\/strong><\/p>\n\n<p style=\"text-align:justify\"><br \/>\nLe proprietaire du site est propri\u00e9taire des droits de propri\u00e9t\u00e9 intellectuelle ou d\u00e9tient les droits d\u2019usage sur tous les \u00e9l\u00e9ments accessibles sur le site, notamment les textes, images, graphismes, logo, ic\u00f4nes, sons, logiciels\u2026<br \/>\nToute reproduction, repr\u00e9sentation, modification, publication, adaptation totale ou partielle des \u00e9l\u00e9ments du site, quel que soit le moyen ou le proc\u00e9d\u00e9 utilis\u00e9, est interdite, sauf autorisation \u00e9crite pr\u00e9alable \u00e0 l'email : nicolas@agencerjs.com.<br \/>\nToute exploitation non autoris\u00e9e du site ou de l\u2019un quelconque de ces \u00e9l\u00e9ments qu\u2019il contient sera consid\u00e9r\u00e9e comme constitutive d\u2019une contrefa\u00e7on et poursuivie conform\u00e9ment aux dispositions des articles L.335-2 et suivants du Code de Propri\u00e9t\u00e9 Intellectuelle.<br \/>\n\u00a0<\/p>\n\n<p style=\"text-align:justify\"><strong>4. Liens hypertextes et cookies :<\/strong><br \/>\n<br \/>\nLe site hubeeslab.com contient un certain nombre de liens hypertextes vers d\u2019autres sites (partenaires, informations \u2026) mis en place avec l\u2019autorisation de le proprietaire du site . Cependant, le proprietaire du site n\u2019a pas la possibilit\u00e9 de v\u00e9rifier le contenu des sites ainsi visit\u00e9s\u00a0 et d\u00e9cline donc toute responsabilit\u00e9 de ce fait quand aux risques \u00e9ventuels de contenus illicites.<br \/>\n<br \/>\nL\u2019utilisateur est inform\u00e9 que lors de ses visites sur le site hubeeslab.com, un ou des cookies sont susceptible de s\u2019installer automatiquement sur son ordinateur. Un cookie est un fichier de petite taille, qui ne permet pas l\u2019identification de l\u2019utilisateur, mais qui enregistre des informations relatives \u00e0 la navigation d\u2019un ordinateur sur un site. Les donn\u00e9es ainsi obtenues visent \u00e0 faciliter la navigation ult\u00e9rieure sur le site, et ont \u00e9galement vocation \u00e0 permettre diverses mesures de fr\u00e9quentation.<br \/>\n<br \/>\nLe param\u00e9trage du logiciel de navigation permet d\u2019informer de la pr\u00e9sence de cookie et \u00e9ventuellement, de refuser de la mani\u00e8re d\u00e9crite \u00e0 l\u2019adresse suivante : www.cnil.fr<br \/>\nLe refus d\u2019installation d\u2019un cookie peut entra\u00eener l\u2019impossibilit\u00e9 d\u2019acc\u00e9der \u00e0 certains services. L\u2019utilisateur peut toutefois configurer son ordinateur de la mani\u00e8re suivante, pour refuser l\u2019installation des cookies :<br \/>\nSous Internet Explorer : onglet outil \/ options internet. Cliquez sur Confidentialit\u00e9 et choisissez Bloquer tous les cookies. Validez sur Ok.<br \/>\nSous Netscape : onglet \u00e9dition \/ pr\u00e9f\u00e9rences. Cliquez sur Avanc\u00e9es et choisissez D\u00e9sactiver les cookies. Validez sur Ok.<br \/>\n\u00a0<\/p>\n\n<p style=\"text-align:justify\"><strong>5. Protection des biens et des personnes - gestion des donn\u00e9es personnelles :<\/strong><br \/>\n<br \/>\nUtilisateur : Internaute se connectant, utilisant le site susnomm\u00e9 : hubeeslab.com<br \/>\nEn France, les donn\u00e9es personnelles sont notamment prot\u00e9g\u00e9es par la loi n\u00b0 78-87 du 6 janvier 1978, la loi n\u00b0 2004-801 du 6 ao\u00fbt 2004, l'article L. 226-13 du Code p\u00e9nal et la Directive Europ\u00e9enne du 24 octobre 1995.<\/p>\n\n<p style=\"text-align:justify\">Sur le site hubeeslab.com, le proprietaire du site ne collecte des informations personnelles relatives \u00e0 l'utilisateur que pour le besoin de certains services propos\u00e9s par le site hubeeslab.com. L'utilisateur fournit ces informations en toute connaissance de cause, notamment lorsqu'il proc\u00e8de par lui-m\u00eame \u00e0 leur saisie. Il est alors pr\u00e9cis\u00e9 \u00e0 l'utilisateur du site hubeeslab.com l\u2019obligation ou non de fournir ces informations.<br \/>\nConform\u00e9ment aux dispositions des articles 38 et suivants de la loi 78-17 du 6 janvier 1978 relative \u00e0 l\u2019informatique, aux fichiers et aux libert\u00e9s, tout utilisateur dispose d\u2019un droit d\u2019acc\u00e8s, de rectification, de suppression et d\u2019opposition aux donn\u00e9es personnelles le concernant. Pour l\u2019exercer, adressez votre demande \u00e0 hubeeslab.com par email : email du webmaster ou\u00a0 en effectuant sa demande \u00e9crite et sign\u00e9e, accompagn\u00e9e d\u2019une copie du titre d\u2019identit\u00e9 avec signature du titulaire de la pi\u00e8ce, en pr\u00e9cisant l\u2019adresse \u00e0 laquelle la r\u00e9ponse doit \u00eatre envoy\u00e9e.<\/p>\n\n<p style=\"text-align:justify\">Aucune information personnelle de l'utilisateur du site hubeeslab.com n'est publi\u00e9e \u00e0 l'insu de l'utilisateur, \u00e9chang\u00e9e, transf\u00e9r\u00e9e, c\u00e9d\u00e9e ou vendue sur un support quelconque \u00e0 des tiers. Seule l'hypoth\u00e8se du rachat du site hubeeslab.com \u00e0 le proprietaire du site et de ses droits permettrait la transmission des dites informations \u00e0 l'\u00e9ventuel acqu\u00e9reur qui serait \u00e0 son tour tenu de la m\u00eame obligation de conservation et de modification des donn\u00e9es vis \u00e0 vis de l'utilisateur du site hubeeslab.com.<br \/>\n\n<p style=\"text-align:justify\">Les bases de donn\u00e9es sont prot\u00e9g\u00e9es par les dispositions de la loi du 1er juillet 1998 transposant la directive 96\/9 du 11 mars 1996 relative \u00e0 la protection juridique des bases de donn\u00e9es.<\/p>\n<div class=\"fusion-clearfix\"><\/div><\/div><\/div><\/div><\/div>\n","protected":false},"excerpt":{"rendered":"","protected":false},"author":1,"featured_media":0,"parent":0,"menu_order":0,"comment_status":"closed","ping_status":"closed","template":"","meta":{"footnotes":""},"class_list":["post-1167","page","type-page","status-publish","hentry"],"yoast_head":"<!-- This site is optimized with the Yoast SEO plugin v27.3 - https:\/\/yoast.com\/product\/yoast-seo-wordpress\/ -->\n<title>Mentions l\u00e9gales - Hubees Lab<\/title>\n<meta name=\"robots\" content=\"index, follow, max-snippet:-1, max-image-preview:large, max-video-preview:-1\" \/>\n<link rel=\"canonical\" href=\"https:\/\/hubeeslab.com\/index.php\/mentions-legales\/\" \/>\n<meta property=\"og:locale\" content=\"fr_FR\" \/>\n<meta property=\"og:type\" content=\"article\" \/>\n<meta property=\"og:title\" content=\"Mentions l\u00e9gales - Hubees Lab\" \/>\n<meta property=\"og:url\" content=\"https:\/\/hubeeslab.com\/index.php\/mentions-legales\/\" \/>\n<meta property=\"og:site_name\" content=\"Hubees Lab\" \/>\n<meta property=\"article:modified_time\" content=\"2018-06-28T12:59:24+00:00\" \/>\n<meta name=\"twitter:card\" content=\"summary_large_image\" \/>\n<meta name=\"twitter:label1\" content=\"Dur\u00e9e de lecture estim\u00e9e\" \/>\n\t<meta name=\"twitter:data1\" content=\"6 minutes\" \/>\n<script type=\"application\/ld+json\" class=\"yoast-schema-graph\">{\"@context\":\"https:\\\/\\\/schema.org\",\"@graph\":[{\"@type\":\"WebPage\",\"@id\":\"https:\\\/\\\/hubeeslab.com\\\/index.php\\\/mentions-legales\\\/\",\"url\":\"https:\\\/\\\/hubeeslab.com\\\/index.php\\\/mentions-legales\\\/\",\"name\":\"Mentions l\u00e9gales - Hubees Lab\",\"isPartOf\":{\"@id\":\"https:\\\/\\\/hubeeslab.com\\\/#website\"},\"datePublished\":\"2018-06-28T12:47:17+00:00\",\"dateModified\":\"2018-06-28T12:59:24+00:00\",\"breadcrumb\":{\"@id\":\"https:\\\/\\\/hubeeslab.com\\\/index.php\\\/mentions-legales\\\/#breadcrumb\"},\"inLanguage\":\"fr-FR\",\"potentialAction\":[{\"@type\":\"ReadAction\",\"target\":[\"https:\\\/\\\/hubeeslab.com\\\/index.php\\\/mentions-legales\\\/\"]}]},{\"@type\":\"BreadcrumbList\",\"@id\":\"https:\\\/\\\/hubeeslab.com\\\/index.php\\\/mentions-legales\\\/#breadcrumb\",\"itemListElement\":[{\"@type\":\"ListItem\",\"position\":1,\"name\":\"Accueil\",\"item\":\"https:\\\/\\\/hubeeslab.com\\\/\"},{\"@type\":\"ListItem\",\"position\":2,\"name\":\"Mentions l\u00e9gales\"}]},{\"@type\":\"WebSite\",\"@id\":\"https:\\\/\\\/hubeeslab.com\\\/#website\",\"url\":\"https:\\\/\\\/hubeeslab.com\\\/\",\"name\":\"Hubees Lab\",\"description\":\"L&#039;innovation au travail\",\"potentialAction\":[{\"@type\":\"SearchAction\",\"target\":{\"@type\":\"EntryPoint\",\"urlTemplate\":\"https:\\\/\\\/hubeeslab.com\\\/?s={search_term_string}\"},\"query-input\":{\"@type\":\"PropertyValueSpecification\",\"valueRequired\":true,\"valueName\":\"search_term_string\"}}],\"inLanguage\":\"fr-FR\"}]}<\/script>\n<!-- \/ Yoast SEO plugin. -->","yoast_head_json":{"title":"Mentions l\u00e9gales - Hubees Lab","robots":{"index":"index","follow":"follow","max-snippet":"max-snippet:-1","max-image-preview":"max-image-preview:large","max-video-preview":"max-video-preview:-1"},"canonical":"https:\/\/hubeeslab.com\/index.php\/mentions-legales\/","og_locale":"fr_FR","og_type":"article","og_title":"Mentions l\u00e9gales - Hubees Lab","og_url":"https:\/\/hubeeslab.com\/index.php\/mentions-legales\/","og_site_name":"Hubees Lab","article_modified_time":"2018-06-28T12:59:24+00:00","twitter_card":"summary_large_image","twitter_misc":{"Dur\u00e9e de lecture estim\u00e9e":"6 minutes"},"schema":{"@context":"https:\/\/schema.org","@graph":[{"@type":"WebPage","@id":"https:\/\/hubeeslab.com\/index.php\/mentions-legales\/","url":"https:\/\/hubeeslab.com\/index.php\/mentions-legales\/","name":"Mentions l\u00e9gales - Hubees Lab","isPartOf":{"@id":"https:\/\/hubeeslab.com\/#website"},"datePublished":"2018-06-28T12:47:17+00:00","dateModified":"2018-06-28T12:59:24+00:00","breadcrumb":{"@id":"https:\/\/hubeeslab.com\/index.php\/mentions-legales\/#breadcrumb"},"inLanguage":"fr-FR","potentialAction":[{"@type":"ReadAction","target":["https:\/\/hubeeslab.com\/index.php\/mentions-legales\/"]}]},{"@type":"BreadcrumbList","@id":"https:\/\/hubeeslab.com\/index.php\/mentions-legales\/#breadcrumb","itemListElement":[{"@type":"ListItem","position":1,"name":"Accueil","item":"https:\/\/hubeeslab.com\/"},{"@type":"ListItem","position":2,"name":"Mentions l\u00e9gales"}]},{"@type":"WebSite","@id":"https:\/\/hubeeslab.com\/#website","url":"https:\/\/hubeeslab.com\/","name":"Hubees Lab","description":"L&#039;innovation au travail","potentialAction":[{"@type":"SearchAction","target":{"@type":"EntryPoint","urlTemplate":"https:\/\/hubeeslab.com\/?s={search_term_string}"},"query-input":{"@type":"PropertyValueSpecification","valueRequired":true,"valueName":"search_term_string"}}],"inLanguage":"fr-FR"}]}},"_links":{"self":[{"href":"https:\/\/hubeeslab.com\/index.php\/wp-json\/wp\/v2\/pages\/1167","targetHints":{"allow":["GET"]}}],"collection":[{"href":"https:\/\/hubeeslab.com\/index.php\/wp-json\/wp\/v2\/pages"}],"about":[{"href":"https:\/\/hubeeslab.com\/index.php\/wp-json\/wp\/v2\/types\/page"}],"author":[{"embeddable":true,"href":"https:\/\/hubeeslab.com\/index.php\/wp-json\/wp\/v2\/users\/1"}],"replies":[{"embeddable":true,"href":"https:\/\/hubeeslab.com\/index.php\/wp-json\/wp\/v2\/comments?post=1167"}],"version-history":[{"count":7,"href":"https:\/\/hubeeslab.com\/index.php\/wp-json\/wp\/v2\/pages\/1167\/revisions"}],"predecessor-version":[{"id":1174,"href":"https:\/\/hubeeslab.com\/index.php\/wp-json\/wp\/v2\/pages\/1167\/revisions\/1174"}],"wp:attachment":[{"href":"https:\/\/hubeeslab.com\/index.php\/wp-json\/wp\/v2\/media?parent=1167"}],"curies":[{"name":"wp","href":"https:\/\/api.w.org\/{rel}","templated":true}]}}